{"id":4712,"date":"2025-09-29T16:28:34","date_gmt":"2025-09-29T14:28:34","guid":{"rendered":"https:\/\/moniaturelle.fr\/?post_type=product&#038;p=4712"},"modified":"2025-09-29T16:34:17","modified_gmt":"2025-09-29T14:34:17","slug":"rituel-lumiere-du-desert","status":"publish","type":"product","link":"https:\/\/moniaturelle.fr\/en\/boutique\/rituel-lumiere-du-desert\/","title":{"rendered":"NOUVEAUT\u00c9 \u2013 Rituel \u00ab\u00a0Lumi\u00e8re du D\u00e9sert\u00a0\u00bb"},"content":{"rendered":"<div class=\"vc_row wpb_row vc_row-fluid shape_divider_top-none shape_divider_bottom-none\"><div class=\"wpb_column vc_column_container vc_col-sm-12 sc_layouts_column_icons_position_left\"><div class=\"vc_column-inner\"><div class=\"wpb_wrapper\">\n\t<div class=\"wpb_text_column wpb_content_element\" >\n\t\t<div class=\"wpb_wrapper\">\n\t\t\t<p>Ce rituel associe :<br \/>\nun nettoyage doux \u00e0 la rose ou \u00e0 la fleur d&rsquo;oranger,<br \/>\ndes gestes ancestraux avec un gommage au ghassoul miel et poudre de rose,<br \/>\nUn masque hydratant au miel, eau de fleur d&rsquo;oranger et huile de figue de barbarie.<br \/>\ndes man\u0153uvres liftantes aux huiles pr\u00e9cieuses d&rsquo;argan et un temps de relaxation profonde avec la sonoth\u00e9rapie.<br \/>\nIl nourrit, illumine et reconnecte \u00e0 la sagesse du d\u00e9sert.<br \/>\n\u00ab\u00a0Transmettre un savoir ancestral, ce n\u2019est pas r\u00e9p\u00e9ter le pass\u00e9, c\u2019est faire fleurir le pr\u00e9sent.\u00a0\u00bb<br \/>\n\u2014 Proverbe berb\u00e8re<\/p>\n<p>Recevez ce soin comme un h\u00e9ritage, un moment suspendu o\u00f9 l\u2019on honore le corps,<br \/>\nl\u2019\u00e2me\u2026 et les racines.<\/p>\n\n\t\t<\/div>\n\t<\/div>\n<\/div><\/div><\/div><\/div>","protected":false},"excerpt":{"rendered":"<p>Un soin du visage inspir\u00e9 des traditions berb\u00e8res, pour r\u00e9veiller l\u2019\u00e9clat naturel de votre peau et apaiser votre esprit. (1h)<\/p>","protected":false},"featured_media":4713,"comment_status":"open","ping_status":"closed","template":"","meta":[],"product_brand":[],"product_cat":[50,32],"product_tag":[27],"class_list":{"0":"post-4712","1":"product","2":"type-product","3":"status-publish","4":"has-post-thumbnail","6":"product_cat-massage","7":"product_cat-shop","8":"product_tag-massage","10":"first","11":"instock","12":"shipping-taxable","13":"purchasable","14":"product-type-simple"},"_links":{"self":[{"href":"https:\/\/moniaturelle.fr\/en\/wp-json\/wp\/v2\/product\/4712","targetHints":{"allow":["GET"]}}],"collection":[{"href":"https:\/\/moniaturelle.fr\/en\/wp-json\/wp\/v2\/product"}],"about":[{"href":"https:\/\/moniaturelle.fr\/en\/wp-json\/wp\/v2\/types\/product"}],"replies":[{"embeddable":true,"href":"https:\/\/moniaturelle.fr\/en\/wp-json\/wp\/v2\/comments?post=4712"}],"wp:featuredmedia":[{"embeddable":true,"href":"https:\/\/moniaturelle.fr\/en\/wp-json\/wp\/v2\/media\/4713"}],"wp:attachment":[{"href":"https:\/\/moniaturelle.fr\/en\/wp-json\/wp\/v2\/media?parent=4712"}],"wp:term":[{"taxonomy":"product_brand","embeddable":true,"href":"https:\/\/moniaturelle.fr\/en\/wp-json\/wp\/v2\/product_brand?post=4712"},{"taxonomy":"product_cat","embeddable":true,"href":"https:\/\/moniaturelle.fr\/en\/wp-json\/wp\/v2\/product_cat?post=4712"},{"taxonomy":"product_tag","embeddable":true,"href":"https:\/\/moniaturelle.fr\/en\/wp-json\/wp\/v2\/product_tag?post=4712"}],"curies":[{"name":"wp","href":"https:\/\/api.w.org\/{rel}","templated":true}]}}