{"id":377,"date":"2017-01-27T11:12:39","date_gmt":"2017-01-27T10:12:39","guid":{"rendered":"http:\/\/www.nicdarkthemes.com\/themes\/beauty\/wp\/demo\/?post_type=product&#038;p=377"},"modified":"2024-10-16T15:39:01","modified_gmt":"2024-10-16T13:39:01","slug":"carte-cadeau-bien-etre","status":"publish","type":"product","link":"https:\/\/moniaturelle.fr\/en\/boutique\/carte-cadeau-bien-etre\/","title":{"rendered":"Carte Cadeau Bien \u00eatre"},"content":{"rendered":"<p>Offrez un v\u00e9ritable voyage de d\u00e9tente et de bien-\u00eatre \u00e0 vos proches avec une carte cadeau massage. Transformez leurs journ\u00e9es stressantes en moments de pure relaxation. Offrir une carte cadeau massage, c&rsquo;est leur permettre de s&rsquo;\u00e9vader du quotidien, de rel\u00e2cher les tensions musculaires et mentales, et de se ressourcer profond\u00e9ment. C&rsquo;est le cadeau parfait pour chasser le stress, favoriser la relaxation, et offrir une exp\u00e9rience inoubliable de bien-\u00eatre. Offrez du r\u00e9confort, de la tranquillit\u00e9, et un moment de pur bonheur \u2013 optez pour une carte cadeau massage d\u00e8s maintenant !<\/p>","protected":false},"excerpt":{"rendered":"<p>Offrez le cadeau ultime de la relaxation avec une carte cadeau massage. Un moment de d\u00e9tente inestimable pour vos proches.<\/p>","protected":false},"featured_media":1313,"comment_status":"open","ping_status":"closed","template":"","meta":[],"product_brand":[],"product_cat":[32],"product_tag":[43],"class_list":{"0":"post-377","1":"product","2":"type-product","3":"status-publish","4":"has-post-thumbnail","6":"product_cat-shop","7":"product_tag-cadeau","9":"first","10":"instock","11":"shipping-taxable","12":"purchasable","13":"product-type-variable"},"_links":{"self":[{"href":"https:\/\/moniaturelle.fr\/en\/wp-json\/wp\/v2\/product\/377","targetHints":{"allow":["GET"]}}],"collection":[{"href":"https:\/\/moniaturelle.fr\/en\/wp-json\/wp\/v2\/product"}],"about":[{"href":"https:\/\/moniaturelle.fr\/en\/wp-json\/wp\/v2\/types\/product"}],"replies":[{"embeddable":true,"href":"https:\/\/moniaturelle.fr\/en\/wp-json\/wp\/v2\/comments?post=377"}],"wp:featuredmedia":[{"embeddable":true,"href":"https:\/\/moniaturelle.fr\/en\/wp-json\/wp\/v2\/media\/1313"}],"wp:attachment":[{"href":"https:\/\/moniaturelle.fr\/en\/wp-json\/wp\/v2\/media?parent=377"}],"wp:term":[{"taxonomy":"product_brand","embeddable":true,"href":"https:\/\/moniaturelle.fr\/en\/wp-json\/wp\/v2\/product_brand?post=377"},{"taxonomy":"product_cat","embeddable":true,"href":"https:\/\/moniaturelle.fr\/en\/wp-json\/wp\/v2\/product_cat?post=377"},{"taxonomy":"product_tag","embeddable":true,"href":"https:\/\/moniaturelle.fr\/en\/wp-json\/wp\/v2\/product_tag?post=377"}],"curies":[{"name":"wp","href":"https:\/\/api.w.org\/{rel}","templated":true}]}}