{"id":3495,"date":"2024-09-12T16:31:15","date_gmt":"2024-09-12T14:31:15","guid":{"rendered":"https:\/\/moniaturelle.com\/?post_type=product&#038;p=3495"},"modified":"2024-12-16T17:59:07","modified_gmt":"2024-12-16T16:59:07","slug":"atelier-gommage-peau-neuve","status":"publish","type":"product","link":"https:\/\/moniaturelle.fr\/en\/boutique\/atelier-gommage-peau-neuve\/","title":{"rendered":"Atelier Gommage peau neuve"},"content":{"rendered":"<p style=\"text-align: justify;\">Offrez \u00e0 votre peau un gommage enzymatique avec notre atelier gommage peau neuve. Ce cours vous apprendra \u00e0 pr\u00e9parer un masque enzymatique bio et naturel, id\u00e9al pour obtenir une peau belle et lumineuse. En utilisant des ingr\u00e9dients naturels comme des enzymes naturels, vous cr\u00e9erez un gommage personnalis\u00e9 qui rendra votre peau lumineuse instantan\u00e9ment. Notre experte vous fournira \u00e9galement des astuces pour l\u2019application et l\u2019entretien de votre peau afin d\u2019en maximiser les bienfaits.<\/p>","protected":false},"excerpt":{"rendered":"<p><i><span style=\"font-weight: 400;\"> Pendant cet atelier, vous apprendrez \u00a0\u00e0 pr\u00e9parer un masque enzymatique bio et naturel, id\u00e9al pour obtenir une peau belle et lumineuse. <\/span><\/i><\/p>","protected":false},"featured_media":3498,"comment_status":"open","ping_status":"closed","template":"","meta":[],"product_brand":[],"product_cat":[46,32],"product_tag":[24],"class_list":{"0":"post-3495","1":"product","2":"type-product","3":"status-publish","4":"has-post-thumbnail","6":"product_cat-ateliers","7":"product_cat-shop","8":"product_tag-beauty","10":"first","11":"instock","12":"shipping-taxable","13":"purchasable","14":"product-type-variable"},"_links":{"self":[{"href":"https:\/\/moniaturelle.fr\/en\/wp-json\/wp\/v2\/product\/3495","targetHints":{"allow":["GET"]}}],"collection":[{"href":"https:\/\/moniaturelle.fr\/en\/wp-json\/wp\/v2\/product"}],"about":[{"href":"https:\/\/moniaturelle.fr\/en\/wp-json\/wp\/v2\/types\/product"}],"replies":[{"embeddable":true,"href":"https:\/\/moniaturelle.fr\/en\/wp-json\/wp\/v2\/comments?post=3495"}],"wp:featuredmedia":[{"embeddable":true,"href":"https:\/\/moniaturelle.fr\/en\/wp-json\/wp\/v2\/media\/3498"}],"wp:attachment":[{"href":"https:\/\/moniaturelle.fr\/en\/wp-json\/wp\/v2\/media?parent=3495"}],"wp:term":[{"taxonomy":"product_brand","embeddable":true,"href":"https:\/\/moniaturelle.fr\/en\/wp-json\/wp\/v2\/product_brand?post=3495"},{"taxonomy":"product_cat","embeddable":true,"href":"https:\/\/moniaturelle.fr\/en\/wp-json\/wp\/v2\/product_cat?post=3495"},{"taxonomy":"product_tag","embeddable":true,"href":"https:\/\/moniaturelle.fr\/en\/wp-json\/wp\/v2\/product_tag?post=3495"}],"curies":[{"name":"wp","href":"https:\/\/api.w.org\/{rel}","templated":true}]}}