{"id":3329,"date":"2024-07-04T22:04:52","date_gmt":"2024-07-04T20:04:52","guid":{"rendered":"https:\/\/moniaturelle.com\/?post_type=product&#038;p=3329"},"modified":"2024-12-16T18:25:31","modified_gmt":"2024-12-16T17:25:31","slug":"atelier-masque-doudou-cheveux","status":"publish","type":"product","link":"https:\/\/moniaturelle.fr\/en\/boutique\/atelier-masque-doudou-cheveux\/","title":{"rendered":"Atelier Masque Doudou Cheveux"},"content":{"rendered":"<p style=\"text-align: justify;\">Offrez \u00e0 vos cheveux un soin intensif avec notre atelier masque doudou cheveux. Ce cours vous apprendra \u00e0 pr\u00e9parer un masque capillaire nourrissant et r\u00e9parateur, id\u00e9al pour revitaliser les cheveux secs, ab\u00eem\u00e9s ou ternes. En utilisant des ingr\u00e9dients naturels comme les huiles v\u00e9g\u00e9tales, les beurres nourrissants et les extraits de plantes, vous cr\u00e9erez un masque personnalis\u00e9 qui rendra vos cheveux doux, brillants et pleins de vie. Notre experte vous fournira \u00e9galement des astuces pour l&rsquo;application et l&rsquo;entretien de votre chevelure afin d&rsquo;en maximiser les bienfaits.<\/p>\n<p>&nbsp;<\/p>","protected":false},"excerpt":{"rendered":"<p>Offrez \u00e0 vos cheveux un soin profond avec notre atelier masque doudou.<\/p>","protected":false},"featured_media":3325,"comment_status":"open","ping_status":"closed","template":"","meta":[],"product_brand":[],"product_cat":[46,32],"product_tag":[24],"class_list":{"0":"post-3329","1":"product","2":"type-product","3":"status-publish","4":"has-post-thumbnail","6":"product_cat-ateliers","7":"product_cat-shop","8":"product_tag-beauty","10":"first","11":"instock","12":"shipping-taxable","13":"purchasable","14":"product-type-variable"},"_links":{"self":[{"href":"https:\/\/moniaturelle.fr\/en\/wp-json\/wp\/v2\/product\/3329","targetHints":{"allow":["GET"]}}],"collection":[{"href":"https:\/\/moniaturelle.fr\/en\/wp-json\/wp\/v2\/product"}],"about":[{"href":"https:\/\/moniaturelle.fr\/en\/wp-json\/wp\/v2\/types\/product"}],"replies":[{"embeddable":true,"href":"https:\/\/moniaturelle.fr\/en\/wp-json\/wp\/v2\/comments?post=3329"}],"wp:featuredmedia":[{"embeddable":true,"href":"https:\/\/moniaturelle.fr\/en\/wp-json\/wp\/v2\/media\/3325"}],"wp:attachment":[{"href":"https:\/\/moniaturelle.fr\/en\/wp-json\/wp\/v2\/media?parent=3329"}],"wp:term":[{"taxonomy":"product_brand","embeddable":true,"href":"https:\/\/moniaturelle.fr\/en\/wp-json\/wp\/v2\/product_brand?post=3329"},{"taxonomy":"product_cat","embeddable":true,"href":"https:\/\/moniaturelle.fr\/en\/wp-json\/wp\/v2\/product_cat?post=3329"},{"taxonomy":"product_tag","embeddable":true,"href":"https:\/\/moniaturelle.fr\/en\/wp-json\/wp\/v2\/product_tag?post=3329"}],"curies":[{"name":"wp","href":"https:\/\/api.w.org\/{rel}","templated":true}]}}