{"id":3327,"date":"2024-07-04T22:01:05","date_gmt":"2024-07-04T20:01:05","guid":{"rendered":"https:\/\/moniaturelle.com\/?post_type=product&#038;p=3327"},"modified":"2024-12-16T18:41:20","modified_gmt":"2024-12-16T17:41:20","slug":"atelier-deo-nature-roll-on","status":"publish","type":"product","link":"https:\/\/moniaturelle.fr\/en\/boutique\/atelier-deo-nature-roll-on\/","title":{"rendered":"Atelier D\u00e9o-Nature Roll-On"},"content":{"rendered":"<p>Dites adieu aux d\u00e9odorants industriels et adoptez une alternative naturelle avec notre atelier d\u00e9o-nature roll-on. Au cours de cette session, vous apprendrez \u00e0 fabriquer un d\u00e9odorant roll-on \u00e0 base d&rsquo;ingr\u00e9dients doux et respectueux de votre peau. Nous vous guiderons dans le choix des huiles essentielles et des agents antibact\u00e9riens pour une protection efficace contre les odeurs, tout en pr\u00e9servant votre sant\u00e9. Cet atelier est parfait pour ceux qui cherchent \u00e0 adopter un mode de vie plus sain et respectueux de l&rsquo;environnement.<\/p>","protected":false},"excerpt":{"rendered":"<p>Confectionnez votre d\u00e9odorant roll-on naturel et respectueux de votre peau.<\/p>","protected":false},"featured_media":3323,"comment_status":"open","ping_status":"closed","template":"","meta":[],"product_brand":[],"product_cat":[46,32],"product_tag":[24],"class_list":{"0":"post-3327","1":"product","2":"type-product","3":"status-publish","4":"has-post-thumbnail","6":"product_cat-ateliers","7":"product_cat-shop","8":"product_tag-beauty","10":"first","11":"instock","12":"shipping-taxable","13":"purchasable","14":"product-type-variable"},"_links":{"self":[{"href":"https:\/\/moniaturelle.fr\/en\/wp-json\/wp\/v2\/product\/3327","targetHints":{"allow":["GET"]}}],"collection":[{"href":"https:\/\/moniaturelle.fr\/en\/wp-json\/wp\/v2\/product"}],"about":[{"href":"https:\/\/moniaturelle.fr\/en\/wp-json\/wp\/v2\/types\/product"}],"replies":[{"embeddable":true,"href":"https:\/\/moniaturelle.fr\/en\/wp-json\/wp\/v2\/comments?post=3327"}],"wp:featuredmedia":[{"embeddable":true,"href":"https:\/\/moniaturelle.fr\/en\/wp-json\/wp\/v2\/media\/3323"}],"wp:attachment":[{"href":"https:\/\/moniaturelle.fr\/en\/wp-json\/wp\/v2\/media?parent=3327"}],"wp:term":[{"taxonomy":"product_brand","embeddable":true,"href":"https:\/\/moniaturelle.fr\/en\/wp-json\/wp\/v2\/product_brand?post=3327"},{"taxonomy":"product_cat","embeddable":true,"href":"https:\/\/moniaturelle.fr\/en\/wp-json\/wp\/v2\/product_cat?post=3327"},{"taxonomy":"product_tag","embeddable":true,"href":"https:\/\/moniaturelle.fr\/en\/wp-json\/wp\/v2\/product_tag?post=3327"}],"curies":[{"name":"wp","href":"https:\/\/api.w.org\/{rel}","templated":true}]}}