{"id":3326,"date":"2024-07-04T21:58:43","date_gmt":"2024-07-04T19:58:43","guid":{"rendered":"https:\/\/moniaturelle.com\/?post_type=product&#038;p=3326"},"modified":"2024-12-16T18:41:56","modified_gmt":"2024-12-16T17:41:56","slug":"atelier-roll-on-anti-moustique","status":"publish","type":"product","link":"https:\/\/moniaturelle.fr\/en\/boutique\/atelier-roll-on-anti-moustique\/","title":{"rendered":"Atelier Roll-On Anti-Moustique"},"content":{"rendered":"<p style=\"text-align: justify;\">\u00c9vitez les piq\u00fbres de moustiques gr\u00e2ce \u00e0 votre propre roll-on anti-moustique fait maison. Lors de cet atelier pratique, vous apprendrez \u00e0 m\u00e9langer des huiles essentielles naturelles aux propri\u00e9t\u00e9s r\u00e9pulsives pour cr\u00e9er un roll-on efficace et sans produits chimiques nocifs. En plus des conseils sur le choix des ingr\u00e9dients, vous d\u00e9couvrirez les bonnes pratiques pour une application optimale. Repartez avec votre roll-on personnalis\u00e9, pr\u00eat \u00e0 affronter les soir\u00e9es d&rsquo;\u00e9t\u00e9 en toute s\u00e9r\u00e9nit\u00e9 (alternative pour femmes enceintes et enfants)<\/p>\n<p>&nbsp;<\/p>","protected":false},"excerpt":{"rendered":"<p>Apprenez \u00e0 fabriquer un roll-on anti-moustique naturel et efficace.<\/p>","protected":false},"featured_media":3322,"comment_status":"open","ping_status":"closed","template":"","meta":[],"product_brand":[],"product_cat":[46,32],"product_tag":[24],"class_list":{"0":"post-3326","1":"product","2":"type-product","3":"status-publish","4":"has-post-thumbnail","6":"product_cat-ateliers","7":"product_cat-shop","8":"product_tag-beauty","10":"first","11":"instock","12":"shipping-taxable","13":"purchasable","14":"product-type-variable"},"_links":{"self":[{"href":"https:\/\/moniaturelle.fr\/en\/wp-json\/wp\/v2\/product\/3326","targetHints":{"allow":["GET"]}}],"collection":[{"href":"https:\/\/moniaturelle.fr\/en\/wp-json\/wp\/v2\/product"}],"about":[{"href":"https:\/\/moniaturelle.fr\/en\/wp-json\/wp\/v2\/types\/product"}],"replies":[{"embeddable":true,"href":"https:\/\/moniaturelle.fr\/en\/wp-json\/wp\/v2\/comments?post=3326"}],"wp:featuredmedia":[{"embeddable":true,"href":"https:\/\/moniaturelle.fr\/en\/wp-json\/wp\/v2\/media\/3322"}],"wp:attachment":[{"href":"https:\/\/moniaturelle.fr\/en\/wp-json\/wp\/v2\/media?parent=3326"}],"wp:term":[{"taxonomy":"product_brand","embeddable":true,"href":"https:\/\/moniaturelle.fr\/en\/wp-json\/wp\/v2\/product_brand?post=3326"},{"taxonomy":"product_cat","embeddable":true,"href":"https:\/\/moniaturelle.fr\/en\/wp-json\/wp\/v2\/product_cat?post=3326"},{"taxonomy":"product_tag","embeddable":true,"href":"https:\/\/moniaturelle.fr\/en\/wp-json\/wp\/v2\/product_tag?post=3326"}],"curies":[{"name":"wp","href":"https:\/\/api.w.org\/{rel}","templated":true}]}}