{"id":3102,"date":"2024-06-20T21:03:54","date_gmt":"2024-06-20T19:03:54","guid":{"rendered":"https:\/\/moniaturelle.com\/?post_type=product&#038;p=3102"},"modified":"2024-11-04T00:22:51","modified_gmt":"2024-11-03T23:22:51","slug":"atelier-auto-massage","status":"publish","type":"product","link":"https:\/\/moniaturelle.fr\/en\/boutique\/atelier-auto-massage\/","title":{"rendered":"Atelier Auto Massage"},"content":{"rendered":"<p style=\"text-align: justify;\">Rejoignez notre atelier d&rsquo;auto-massage du visage et d\u00e9couvrez les secrets pour une peau \u00e9clatante et revitalis\u00e9e. Apprenez des techniques simples et efficaces pour stimuler la circulation, r\u00e9duire les tensions et am\u00e9liorer l&rsquo;\u00e9clat de votre teint. Explorez les points de pression et les mouvements sp\u00e9cifiques qui favorisent la relaxation et la r\u00e9g\u00e9n\u00e9ration cellulaire. Cet atelier vous offre une parenth\u00e8se de bien-\u00eatre, vous permettant de prendre soin de vous de mani\u00e8re naturelle et quotidienne. Venez vivre une exp\u00e9rience apaisante et repartez avec des comp\u00e9tences pr\u00e9cieuses pour int\u00e9grer l&rsquo;auto-massage dans votre routine beaut\u00e9.<\/p>","protected":false},"excerpt":{"rendered":"<p>D\u00e9couvrez le secret pour une peau lisse et belle.<\/p>","protected":false},"featured_media":3307,"comment_status":"open","ping_status":"closed","template":"","meta":[],"product_brand":[],"product_cat":[46,32],"product_tag":[24],"class_list":{"0":"post-3102","1":"product","2":"type-product","3":"status-publish","4":"has-post-thumbnail","6":"product_cat-ateliers","7":"product_cat-shop","8":"product_tag-beauty","10":"first","11":"instock","12":"shipping-taxable","13":"purchasable","14":"product-type-variable"},"_links":{"self":[{"href":"https:\/\/moniaturelle.fr\/en\/wp-json\/wp\/v2\/product\/3102","targetHints":{"allow":["GET"]}}],"collection":[{"href":"https:\/\/moniaturelle.fr\/en\/wp-json\/wp\/v2\/product"}],"about":[{"href":"https:\/\/moniaturelle.fr\/en\/wp-json\/wp\/v2\/types\/product"}],"replies":[{"embeddable":true,"href":"https:\/\/moniaturelle.fr\/en\/wp-json\/wp\/v2\/comments?post=3102"}],"wp:featuredmedia":[{"embeddable":true,"href":"https:\/\/moniaturelle.fr\/en\/wp-json\/wp\/v2\/media\/3307"}],"wp:attachment":[{"href":"https:\/\/moniaturelle.fr\/en\/wp-json\/wp\/v2\/media?parent=3102"}],"wp:term":[{"taxonomy":"product_brand","embeddable":true,"href":"https:\/\/moniaturelle.fr\/en\/wp-json\/wp\/v2\/product_brand?post=3102"},{"taxonomy":"product_cat","embeddable":true,"href":"https:\/\/moniaturelle.fr\/en\/wp-json\/wp\/v2\/product_cat?post=3102"},{"taxonomy":"product_tag","embeddable":true,"href":"https:\/\/moniaturelle.fr\/en\/wp-json\/wp\/v2\/product_tag?post=3102"}],"curies":[{"name":"wp","href":"https:\/\/api.w.org\/{rel}","templated":true}]}}