{"id":2769,"date":"2024-05-30T21:48:15","date_gmt":"2024-05-30T19:48:15","guid":{"rendered":"https:\/\/moniaturelle.com\/?post_type=product&#038;p=2769"},"modified":"2025-09-29T16:27:14","modified_gmt":"2025-09-29T14:27:14","slug":"bulle-bien-etre","status":"publish","type":"product","link":"https:\/\/moniaturelle.fr\/en\/boutique\/bulle-bien-etre\/","title":{"rendered":"Bulle Bien-\u00catre"},"content":{"rendered":"<div class=\"vc_row wpb_row vc_row-fluid shape_divider_top-none shape_divider_bottom-none\"><div class=\"wpb_column vc_column_container vc_col-sm-12 sc_layouts_column_icons_position_left\"><div class=\"vc_column-inner\"><div class=\"wpb_wrapper\">\n\t<div class=\"wpb_text_column wpb_content_element\" >\n\t\t<div class=\"wpb_wrapper\">\n\t\t\t<p><span style=\"vertical-align: inherit;\"><span style=\"vertical-align: inherit;\">Plongez dans une oasis de d\u00e9tente avec notre Bulle Bien-\u00catre exclusive, combinant un soin corps et un soin du visage revitalisant. Commencez par exemple votre voyage par un massage ayurv\u00e9dique complet, utilisant des techniques ancestrales et de l&rsquo; huile de s\u00e9same 100 % naturelle pour \u00e9quilibrer vos \u00e9nergies, soulager les tensions et restaurer votre vitalit\u00e9. Poursuivez avec un soin du visage personnalis\u00e9, con\u00e7u pour purifier, hydrater et illuminer votre peau. Cette exp\u00e9rience holistique vous procurera un bien-\u00eatre profond, harmonisant votre corps et votre esprit, pour une \u00e9vasion sensorielle totale. Offrez-vous ce moment pr\u00e9cieux de d\u00e9tente et de renouveau.<\/span><\/span><\/p>\n\n\t\t<\/div>\n\t<\/div>\n<\/div><\/div><\/div><\/div>","protected":false},"excerpt":{"rendered":"<p>Faites des \u00e9conomies, profitez de la Bulle Bien-\u00catre \u00a0un soin corps et un soin du visage revitalisant.<\/p>","protected":false},"featured_media":4710,"comment_status":"open","ping_status":"closed","template":"","meta":[],"product_brand":[],"product_cat":[52,32],"product_tag":[27],"class_list":{"0":"post-2769","1":"product","2":"type-product","3":"status-publish","4":"has-post-thumbnail","6":"product_cat-pack","7":"product_cat-shop","8":"product_tag-massage","10":"first","11":"instock","12":"sale","13":"virtual","14":"purchasable","15":"product-type-simple"},"_links":{"self":[{"href":"https:\/\/moniaturelle.fr\/en\/wp-json\/wp\/v2\/product\/2769","targetHints":{"allow":["GET"]}}],"collection":[{"href":"https:\/\/moniaturelle.fr\/en\/wp-json\/wp\/v2\/product"}],"about":[{"href":"https:\/\/moniaturelle.fr\/en\/wp-json\/wp\/v2\/types\/product"}],"replies":[{"embeddable":true,"href":"https:\/\/moniaturelle.fr\/en\/wp-json\/wp\/v2\/comments?post=2769"}],"wp:featuredmedia":[{"embeddable":true,"href":"https:\/\/moniaturelle.fr\/en\/wp-json\/wp\/v2\/media\/4710"}],"wp:attachment":[{"href":"https:\/\/moniaturelle.fr\/en\/wp-json\/wp\/v2\/media?parent=2769"}],"wp:term":[{"taxonomy":"product_brand","embeddable":true,"href":"https:\/\/moniaturelle.fr\/en\/wp-json\/wp\/v2\/product_brand?post=2769"},{"taxonomy":"product_cat","embeddable":true,"href":"https:\/\/moniaturelle.fr\/en\/wp-json\/wp\/v2\/product_cat?post=2769"},{"taxonomy":"product_tag","embeddable":true,"href":"https:\/\/moniaturelle.fr\/en\/wp-json\/wp\/v2\/product_tag?post=2769"}],"curies":[{"name":"wp","href":"https:\/\/api.w.org\/{rel}","templated":true}]}}