{"id":2768,"date":"2024-05-30T21:43:03","date_gmt":"2024-05-30T19:43:03","guid":{"rendered":"https:\/\/moniaturelle.com\/?post_type=product&#038;p=2768"},"modified":"2025-09-29T16:20:57","modified_gmt":"2025-09-29T14:20:57","slug":"pack-10-massages","status":"publish","type":"product","link":"https:\/\/moniaturelle.fr\/en\/boutique\/pack-10-massages\/","title":{"rendered":"Pack 10 massages"},"content":{"rendered":"<p>D\u00e9couvrez l&rsquo;art ancestral de l&rsquo;Ayurv\u00e9da avec notre pack exclusif de 10 massages ayurv\u00e9diques au choix. Plongez dans une exp\u00e9rience de bien-\u00eatre profond gr\u00e2ce \u00e0 une s\u00e9lection de massages personnalis\u00e9s pour r\u00e9pondre \u00e0 vos besoins sp\u00e9cifiques : relaxation, d\u00e9toxification, revitalisation ou soulagement des tensions. Chaque s\u00e9ance utilise de l&rsquo;huile essentielles 100% naturelle et des techniques traditionnelles pour \u00e9quilibrer vos \u00e9nergies et harmoniser votre corps et votre esprit. Offrez-vous ou \u00e0 vos proches ce voyage sensoriel vers la s\u00e9r\u00e9nit\u00e9 et le mieux-\u00eatre.<\/p>","protected":false},"excerpt":{"rendered":"<p><i><span style=\"font-weight: 400;\">Faites des \u00e9conomies, profitez du pack Massage ( valable pour 10 Massages ) a un tarif <\/span>pr\u00e9f\u00e9rentiel.<\/i><\/p>","protected":false},"featured_media":3469,"comment_status":"open","ping_status":"closed","template":"","meta":[],"product_brand":[],"product_cat":[52,32],"product_tag":[27],"class_list":{"0":"post-2768","1":"product","2":"type-product","3":"status-publish","4":"has-post-thumbnail","6":"product_cat-pack","7":"product_cat-shop","8":"product_tag-massage","10":"first","11":"outofstock","12":"sale","13":"virtual","14":"purchasable","15":"product-type-simple"},"_links":{"self":[{"href":"https:\/\/moniaturelle.fr\/en\/wp-json\/wp\/v2\/product\/2768","targetHints":{"allow":["GET"]}}],"collection":[{"href":"https:\/\/moniaturelle.fr\/en\/wp-json\/wp\/v2\/product"}],"about":[{"href":"https:\/\/moniaturelle.fr\/en\/wp-json\/wp\/v2\/types\/product"}],"replies":[{"embeddable":true,"href":"https:\/\/moniaturelle.fr\/en\/wp-json\/wp\/v2\/comments?post=2768"}],"wp:featuredmedia":[{"embeddable":true,"href":"https:\/\/moniaturelle.fr\/en\/wp-json\/wp\/v2\/media\/3469"}],"wp:attachment":[{"href":"https:\/\/moniaturelle.fr\/en\/wp-json\/wp\/v2\/media?parent=2768"}],"wp:term":[{"taxonomy":"product_brand","embeddable":true,"href":"https:\/\/moniaturelle.fr\/en\/wp-json\/wp\/v2\/product_brand?post=2768"},{"taxonomy":"product_cat","embeddable":true,"href":"https:\/\/moniaturelle.fr\/en\/wp-json\/wp\/v2\/product_cat?post=2768"},{"taxonomy":"product_tag","embeddable":true,"href":"https:\/\/moniaturelle.fr\/en\/wp-json\/wp\/v2\/product_tag?post=2768"}],"curies":[{"name":"wp","href":"https:\/\/api.w.org\/{rel}","templated":true}]}}