{"id":2733,"date":"2024-05-30T16:23:13","date_gmt":"2024-05-30T14:23:13","guid":{"rendered":"https:\/\/moniaturelle.com\/?post_type=product&#038;p=2733"},"modified":"2025-09-29T16:18:23","modified_gmt":"2025-09-29T14:18:23","slug":"rituel-des-pieds-au-bol-kansu","status":"publish","type":"product","link":"https:\/\/moniaturelle.fr\/en\/boutique\/rituel-des-pieds-au-bol-kansu\/","title":{"rendered":"Rituel des pieds au bol kansu"},"content":{"rendered":"<p>Offrez \u00e0 vos pieds une d\u00e9tente profonde avec notre soin des pieds ayurv\u00e9dique au bols Kansu. Ce rituel traditionnel utilise un bol Kansu en alliage de m\u00e9taux et de l&rsquo;huile de s\u00e9same pour masser les pieds, \u00e9quilibrer les doshas (\u00e9nergies vitales) et apaiser l&rsquo;esprit. Ce soin unique stimule les points de r\u00e9flexologie, am\u00e9liore la circulation sanguine et procure une sensation de l\u00e9g\u00e8ret\u00e9 et de relaxation intense. Id\u00e9al pour r\u00e9duire le stress, soulager les tensions et revitaliser le corps entier, ce soin vous enveloppe dans une exp\u00e9rience de bien-\u00eatre authentique et revitalisante. Venez d\u00e9couvrir l&rsquo;harmonie et la s\u00e9r\u00e9nit\u00e9 \u00e0 travers cet art ancestral.<\/p>","protected":false},"excerpt":{"rendered":"<p>Offrez \u00e0 vos pieds une exp\u00e9rience revitalisante pour apaiser l&rsquo;esprit et r\u00e9tablir l&rsquo;harmonie corporelle. (1h)<\/p>","protected":false},"featured_media":3464,"comment_status":"open","ping_status":"closed","template":"","meta":[],"product_brand":[],"product_cat":[50,32],"product_tag":[27],"class_list":{"0":"post-2733","1":"product","2":"type-product","3":"status-publish","4":"has-post-thumbnail","6":"product_cat-massage","7":"product_cat-shop","8":"product_tag-massage","10":"first","11":"instock","12":"shipping-taxable","13":"purchasable","14":"product-type-simple"},"_links":{"self":[{"href":"https:\/\/moniaturelle.fr\/en\/wp-json\/wp\/v2\/product\/2733","targetHints":{"allow":["GET"]}}],"collection":[{"href":"https:\/\/moniaturelle.fr\/en\/wp-json\/wp\/v2\/product"}],"about":[{"href":"https:\/\/moniaturelle.fr\/en\/wp-json\/wp\/v2\/types\/product"}],"replies":[{"embeddable":true,"href":"https:\/\/moniaturelle.fr\/en\/wp-json\/wp\/v2\/comments?post=2733"}],"wp:featuredmedia":[{"embeddable":true,"href":"https:\/\/moniaturelle.fr\/en\/wp-json\/wp\/v2\/media\/3464"}],"wp:attachment":[{"href":"https:\/\/moniaturelle.fr\/en\/wp-json\/wp\/v2\/media?parent=2733"}],"wp:term":[{"taxonomy":"product_brand","embeddable":true,"href":"https:\/\/moniaturelle.fr\/en\/wp-json\/wp\/v2\/product_brand?post=2733"},{"taxonomy":"product_cat","embeddable":true,"href":"https:\/\/moniaturelle.fr\/en\/wp-json\/wp\/v2\/product_cat?post=2733"},{"taxonomy":"product_tag","embeddable":true,"href":"https:\/\/moniaturelle.fr\/en\/wp-json\/wp\/v2\/product_tag?post=2733"}],"curies":[{"name":"wp","href":"https:\/\/api.w.org\/{rel}","templated":true}]}}