{"id":2351,"date":"2024-05-28T13:16:32","date_gmt":"2024-05-28T11:16:32","guid":{"rendered":"https:\/\/moniaturelle.com\/?post_type=product&#038;p=2351"},"modified":"2024-12-16T18:45:48","modified_gmt":"2024-12-16T17:45:48","slug":"atelier-creme-visage-personnalise","status":"publish","type":"product","link":"https:\/\/moniaturelle.fr\/en\/boutique\/atelier-creme-visage-personnalise\/","title":{"rendered":"Atelier Creme Visage Personnalis\u00e9"},"content":{"rendered":"<p>Seul ou accompagn\u00e9, vous int\u00e9grerez un petit groupe pour cet atelier sur le th\u00e8me de la beaut\u00e9 du visage. Venez apprendre \u00e0 faire votre cr\u00e8me visage personnalis\u00e9 100% naturel et bio : apr\u00e8s votre diagnostic de peau, je vous donnerais tous les conseils de base pour prendre soin de votre peau au naturel et nous passerons \u00e0 la cr\u00e9ation de votre cr\u00e8me visage personnalis\u00e9e en fonction de la saison. Vous conna\u00eetrez tous les gestes pour prendre soin de votre peau au naturel.<\/p>","protected":false},"excerpt":{"rendered":"<p><i><span style=\"font-weight: 400;\"> Pendant cet atelier, vous apprendrez \u00e0 fabriquer vous-m\u00eame vos cosm\u00e9tiques maison. <\/span><\/i><\/p>","protected":false},"featured_media":3305,"comment_status":"open","ping_status":"closed","template":"","meta":[],"product_brand":[],"product_cat":[46,32],"product_tag":[24],"class_list":{"0":"post-2351","1":"product","2":"type-product","3":"status-publish","4":"has-post-thumbnail","6":"product_cat-ateliers","7":"product_cat-shop","8":"product_tag-beauty","10":"first","11":"instock","12":"shipping-taxable","13":"purchasable","14":"product-type-variable"},"_links":{"self":[{"href":"https:\/\/moniaturelle.fr\/en\/wp-json\/wp\/v2\/product\/2351","targetHints":{"allow":["GET"]}}],"collection":[{"href":"https:\/\/moniaturelle.fr\/en\/wp-json\/wp\/v2\/product"}],"about":[{"href":"https:\/\/moniaturelle.fr\/en\/wp-json\/wp\/v2\/types\/product"}],"replies":[{"embeddable":true,"href":"https:\/\/moniaturelle.fr\/en\/wp-json\/wp\/v2\/comments?post=2351"}],"wp:featuredmedia":[{"embeddable":true,"href":"https:\/\/moniaturelle.fr\/en\/wp-json\/wp\/v2\/media\/3305"}],"wp:attachment":[{"href":"https:\/\/moniaturelle.fr\/en\/wp-json\/wp\/v2\/media?parent=2351"}],"wp:term":[{"taxonomy":"product_brand","embeddable":true,"href":"https:\/\/moniaturelle.fr\/en\/wp-json\/wp\/v2\/product_brand?post=2351"},{"taxonomy":"product_cat","embeddable":true,"href":"https:\/\/moniaturelle.fr\/en\/wp-json\/wp\/v2\/product_cat?post=2351"},{"taxonomy":"product_tag","embeddable":true,"href":"https:\/\/moniaturelle.fr\/en\/wp-json\/wp\/v2\/product_tag?post=2351"}],"curies":[{"name":"wp","href":"https:\/\/api.w.org\/{rel}","templated":true}]}}