{"id":1547,"date":"2023-03-22T20:28:40","date_gmt":"2023-03-22T19:28:40","guid":{"rendered":"https:\/\/moniaturelle.com\/?post_type=product&#038;p=1547"},"modified":"2024-12-16T18:46:19","modified_gmt":"2024-12-16T17:46:19","slug":"comment-depolluer-son-interieur","status":"publish","type":"product","link":"https:\/\/moniaturelle.fr\/en\/boutique\/comment-depolluer-son-interieur\/","title":{"rendered":"Comment D\u00e9polluer Son Int\u00e9rieur"},"content":{"rendered":"<p style=\"text-align: justify;\">Rejoignez notre atelier pratique pour apprendre \u00e0 fabriquer vos propres produits m\u00e9nagers naturels et efficaces ! D\u00e9couvrez comment d\u00e9polluer votre int\u00e9rieur en utilisant des ingr\u00e9dients simples et \u00e9cologiques. Cet atelier vous fournira des recettes faciles et des conseils pour remplacer les produits chimiques nocifs par des alternatives saines et respectueuses de l&rsquo;environnement. Repartez avec vos cr\u00e9ations et des connaissances pour maintenir un foyer sain et sans toxines.<\/p>\n<p>Cr\u00e9ation de produits au choix : bougie naturelle aux fleurs s\u00e9ch\u00e9es, fondants parfum\u00e9s, lessive, pastille lave-vaisselle, pierre d&rsquo;argile, brume d&rsquo;oreiller, galet WC d\u00e9tartrant.<\/p>","protected":false},"excerpt":{"rendered":"<p>Moniaturelle on \u00e9vacue tous les toxiques de votre espace<\/p>\n<p>&nbsp;<\/p>","protected":false},"featured_media":3311,"comment_status":"open","ping_status":"closed","template":"","meta":[],"product_brand":[],"product_cat":[46,32],"product_tag":[27],"class_list":{"0":"post-1547","1":"product","2":"type-product","3":"status-publish","4":"has-post-thumbnail","6":"product_cat-ateliers","7":"product_cat-shop","8":"product_tag-massage","10":"first","11":"instock","12":"shipping-taxable","13":"purchasable","14":"product-type-variable"},"_links":{"self":[{"href":"https:\/\/moniaturelle.fr\/en\/wp-json\/wp\/v2\/product\/1547","targetHints":{"allow":["GET"]}}],"collection":[{"href":"https:\/\/moniaturelle.fr\/en\/wp-json\/wp\/v2\/product"}],"about":[{"href":"https:\/\/moniaturelle.fr\/en\/wp-json\/wp\/v2\/types\/product"}],"replies":[{"embeddable":true,"href":"https:\/\/moniaturelle.fr\/en\/wp-json\/wp\/v2\/comments?post=1547"}],"wp:featuredmedia":[{"embeddable":true,"href":"https:\/\/moniaturelle.fr\/en\/wp-json\/wp\/v2\/media\/3311"}],"wp:attachment":[{"href":"https:\/\/moniaturelle.fr\/en\/wp-json\/wp\/v2\/media?parent=1547"}],"wp:term":[{"taxonomy":"product_brand","embeddable":true,"href":"https:\/\/moniaturelle.fr\/en\/wp-json\/wp\/v2\/product_brand?post=1547"},{"taxonomy":"product_cat","embeddable":true,"href":"https:\/\/moniaturelle.fr\/en\/wp-json\/wp\/v2\/product_cat?post=1547"},{"taxonomy":"product_tag","embeddable":true,"href":"https:\/\/moniaturelle.fr\/en\/wp-json\/wp\/v2\/product_tag?post=1547"}],"curies":[{"name":"wp","href":"https:\/\/api.w.org\/{rel}","templated":true}]}}