{"id":1538,"date":"2023-03-13T23:27:58","date_gmt":"2023-03-13T22:27:58","guid":{"rendered":"https:\/\/moniaturelle.com\/?post_type=product&#038;p=1538"},"modified":"2024-12-16T18:46:45","modified_gmt":"2024-12-16T17:46:45","slug":"ateliers-diy-bougies","status":"publish","type":"product","link":"https:\/\/moniaturelle.fr\/en\/boutique\/ateliers-diy-bougies\/","title":{"rendered":"Ateliers DIY BOUGIES"},"content":{"rendered":"<p>Vous d\u00e9couvrirez les techniques pour r\u00e9aliser des bougies artisanales en utilisant des ingr\u00e9dients \u00e9cologiques et des fleurs d\u00e9licatement s\u00e9ch\u00e9es. Repartez avec vos cr\u00e9ations uniques, parfaites pour embellir votre int\u00e9rieur ou offrir en cadeau. Venez vivre une exp\u00e9rience apaisante et inspirante, tout en adoptant une approche respectueuse de l&rsquo;environnement.<\/p>","protected":false},"excerpt":{"rendered":"<p>Participez \u00e0 notre atelier cr\u00e9atif pour apprendre \u00e0 confectionner des bougies 100% bio et naturelles, orn\u00e9es de fleurs s\u00e9ch\u00e9es.<\/p>","protected":false},"featured_media":3304,"comment_status":"open","ping_status":"closed","template":"","meta":[],"product_brand":[],"product_cat":[46,32],"product_tag":[24],"class_list":{"0":"post-1538","1":"product","2":"type-product","3":"status-publish","4":"has-post-thumbnail","6":"product_cat-ateliers","7":"product_cat-shop","8":"product_tag-beauty","10":"first","11":"instock","12":"shipping-taxable","13":"purchasable","14":"product-type-variable"},"_links":{"self":[{"href":"https:\/\/moniaturelle.fr\/en\/wp-json\/wp\/v2\/product\/1538","targetHints":{"allow":["GET"]}}],"collection":[{"href":"https:\/\/moniaturelle.fr\/en\/wp-json\/wp\/v2\/product"}],"about":[{"href":"https:\/\/moniaturelle.fr\/en\/wp-json\/wp\/v2\/types\/product"}],"replies":[{"embeddable":true,"href":"https:\/\/moniaturelle.fr\/en\/wp-json\/wp\/v2\/comments?post=1538"}],"wp:featuredmedia":[{"embeddable":true,"href":"https:\/\/moniaturelle.fr\/en\/wp-json\/wp\/v2\/media\/3304"}],"wp:attachment":[{"href":"https:\/\/moniaturelle.fr\/en\/wp-json\/wp\/v2\/media?parent=1538"}],"wp:term":[{"taxonomy":"product_brand","embeddable":true,"href":"https:\/\/moniaturelle.fr\/en\/wp-json\/wp\/v2\/product_brand?post=1538"},{"taxonomy":"product_cat","embeddable":true,"href":"https:\/\/moniaturelle.fr\/en\/wp-json\/wp\/v2\/product_cat?post=1538"},{"taxonomy":"product_tag","embeddable":true,"href":"https:\/\/moniaturelle.fr\/en\/wp-json\/wp\/v2\/product_tag?post=1538"}],"curies":[{"name":"wp","href":"https:\/\/api.w.org\/{rel}","templated":true}]}}