{"id":1388,"date":"2023-03-08T04:25:41","date_gmt":"2023-03-08T03:25:41","guid":{"rendered":"https:\/\/moniaturelle.com\/?post_type=product&#038;p=1388"},"modified":"2025-09-29T16:21:39","modified_gmt":"2025-09-29T14:21:39","slug":"pack-6-massages","status":"publish","type":"product","link":"https:\/\/moniaturelle.fr\/en\/boutique\/pack-6-massages\/","title":{"rendered":"Pack 6 Massages"},"content":{"rendered":"<p>Plongez dans l&rsquo;univers apaisant de l&rsquo;Ayurv\u00e9da avec notre pack exclusif de 6 massages ayurv\u00e9diques au choix. Ce pack vous permet de personnaliser votre parcours de bien-\u00eatre en s\u00e9lectionnant parmi une vari\u00e9t\u00e9 de techniques traditionnelles, chacune con\u00e7ue pour \u00e9quilibrer vos \u00e9nergies, apaiser votre esprit et revitaliser votre corps. Que vous souhaitiez soulager des tensions, d\u00e9toxifier votre organisme, ou simplement vous d\u00e9tendre profond\u00e9ment. Offrez-vous cette s\u00e9rie de soins holistiques pour une exp\u00e9rience de relaxation et de r\u00e9g\u00e9n\u00e9ration compl\u00e8tes.<\/p>","protected":false},"excerpt":{"rendered":"<p><i><span style=\"font-weight: 400;\">Faites des \u00e9conomies, profitez du pack Massage ( valable pour 6 Massages ) a un tarif <\/span>pr\u00e9f\u00e9rentiel.<\/i><\/p>","protected":false},"featured_media":3470,"comment_status":"open","ping_status":"closed","template":"","meta":[],"product_brand":[],"product_cat":[52,32],"product_tag":[27],"class_list":{"0":"post-1388","1":"product","2":"type-product","3":"status-publish","4":"has-post-thumbnail","6":"product_cat-pack","7":"product_cat-shop","8":"product_tag-massage","10":"first","11":"outofstock","12":"sale","13":"virtual","14":"purchasable","15":"product-type-simple"},"_links":{"self":[{"href":"https:\/\/moniaturelle.fr\/en\/wp-json\/wp\/v2\/product\/1388","targetHints":{"allow":["GET"]}}],"collection":[{"href":"https:\/\/moniaturelle.fr\/en\/wp-json\/wp\/v2\/product"}],"about":[{"href":"https:\/\/moniaturelle.fr\/en\/wp-json\/wp\/v2\/types\/product"}],"replies":[{"embeddable":true,"href":"https:\/\/moniaturelle.fr\/en\/wp-json\/wp\/v2\/comments?post=1388"}],"wp:featuredmedia":[{"embeddable":true,"href":"https:\/\/moniaturelle.fr\/en\/wp-json\/wp\/v2\/media\/3470"}],"wp:attachment":[{"href":"https:\/\/moniaturelle.fr\/en\/wp-json\/wp\/v2\/media?parent=1388"}],"wp:term":[{"taxonomy":"product_brand","embeddable":true,"href":"https:\/\/moniaturelle.fr\/en\/wp-json\/wp\/v2\/product_brand?post=1388"},{"taxonomy":"product_cat","embeddable":true,"href":"https:\/\/moniaturelle.fr\/en\/wp-json\/wp\/v2\/product_cat?post=1388"},{"taxonomy":"product_tag","embeddable":true,"href":"https:\/\/moniaturelle.fr\/en\/wp-json\/wp\/v2\/product_tag?post=1388"}],"curies":[{"name":"wp","href":"https:\/\/api.w.org\/{rel}","templated":true}]}}