{"id":1379,"date":"2023-03-06T12:44:11","date_gmt":"2023-03-06T11:44:11","guid":{"rendered":"https:\/\/moniaturelle.com\/?post_type=product&#038;p=1379"},"modified":"2024-12-16T18:47:55","modified_gmt":"2024-12-16T17:47:55","slug":"massage-corps-abhyanga-enfant","status":"publish","type":"product","link":"https:\/\/moniaturelle.fr\/en\/boutique\/massage-corps-abhyanga-enfant\/","title":{"rendered":"Massage corps Abhyanga (enfant)"},"content":{"rendered":"<p>Offrez \u00e0 votre enfant une exp\u00e9rience de bien-\u00eatre douce et apaisante avec notre massage ayurv\u00e9dique sp\u00e9cialement con\u00e7u pour les plus jeunes. Inspir\u00e9 par les traditions ancestrales de l&rsquo;Ayurv\u00e9da, ce massage utilise des huiles naturelles et des techniques adapt\u00e9es pour favoriser la d\u00e9tente, am\u00e9liorer la qualit\u00e9 du sommeil et renforcer l&rsquo;\u00e9quilibre \u00e9motionnel de votre enfant. Je veille \u00e0 cr\u00e9er un environnement s\u00fbr et r\u00e9confortant, permettant \u00e0 votre enfant de profiter pleinement des bienfaits de cette th\u00e9rapie holistique. Id\u00e9al pour r\u00e9duire le stress, apaiser les tensions et soutenir le d\u00e9veloppement harmonieux. Le massage ayurv\u00e9dique est une v\u00e9ritable invitation \u00e0 la s\u00e9r\u00e9nit\u00e9 et \u00e0 la sant\u00e9 naturelle pour votre enfant.<\/p>","protected":false},"excerpt":{"rendered":"<p>vous apporte un bien-\u00eatre total et contribue \u00e0 retrouver une harmonie int\u00e9rieure.<\/p>","protected":false},"featured_media":3466,"comment_status":"open","ping_status":"closed","template":"","meta":[],"product_brand":[],"product_cat":[50,32],"product_tag":[27],"class_list":{"0":"post-1379","1":"product","2":"type-product","3":"status-publish","4":"has-post-thumbnail","6":"product_cat-massage","7":"product_cat-shop","8":"product_tag-massage","10":"first","11":"instock","12":"shipping-taxable","13":"purchasable","14":"product-type-simple"},"_links":{"self":[{"href":"https:\/\/moniaturelle.fr\/en\/wp-json\/wp\/v2\/product\/1379","targetHints":{"allow":["GET"]}}],"collection":[{"href":"https:\/\/moniaturelle.fr\/en\/wp-json\/wp\/v2\/product"}],"about":[{"href":"https:\/\/moniaturelle.fr\/en\/wp-json\/wp\/v2\/types\/product"}],"replies":[{"embeddable":true,"href":"https:\/\/moniaturelle.fr\/en\/wp-json\/wp\/v2\/comments?post=1379"}],"wp:featuredmedia":[{"embeddable":true,"href":"https:\/\/moniaturelle.fr\/en\/wp-json\/wp\/v2\/media\/3466"}],"wp:attachment":[{"href":"https:\/\/moniaturelle.fr\/en\/wp-json\/wp\/v2\/media?parent=1379"}],"wp:term":[{"taxonomy":"product_brand","embeddable":true,"href":"https:\/\/moniaturelle.fr\/en\/wp-json\/wp\/v2\/product_brand?post=1379"},{"taxonomy":"product_cat","embeddable":true,"href":"https:\/\/moniaturelle.fr\/en\/wp-json\/wp\/v2\/product_cat?post=1379"},{"taxonomy":"product_tag","embeddable":true,"href":"https:\/\/moniaturelle.fr\/en\/wp-json\/wp\/v2\/product_tag?post=1379"}],"curies":[{"name":"wp","href":"https:\/\/api.w.org\/{rel}","templated":true}]}}