{"id":1346,"date":"2023-03-06T03:24:50","date_gmt":"2023-03-06T02:24:50","guid":{"rendered":"https:\/\/moniaturelle.com\/?post_type=product&#038;p=1346"},"modified":"2024-12-16T18:57:03","modified_gmt":"2024-12-16T17:57:03","slug":"coaching-belles-boucles","status":"publish","type":"product","link":"https:\/\/moniaturelle.fr\/en\/boutique\/coaching-belles-boucles\/","title":{"rendered":"Coaching Belles Boucles"},"content":{"rendered":"<p>Au programme :<br \/>\n\u25cf Diagnostic capillaire<br \/>\n\u25cf Analyse de la routine actuelle avec d\u00e9cryptage des \u00e9tiquettes.<br \/>\n\u25cf Mise en place d&rsquo;une routine capillaire sur mesure avec liste de courses et recettes naturelles.<br \/>\n\u25cf Accompagnement par email pendant 1 mois<\/p>\n<p>Ce coaching de deux heures se d\u00e9roule dans nos locaux, \u00e0 Cenon, ou sur rendez-vous \u00e0 distance via la plateforme Zoom.<br \/>\nApr\u00e8s avoir r\u00e9serv\u00e9 votre coaching, un email de confirmation de r\u00e9servation vous sera envoy\u00e9. Nous vous contacterons rapidement pour convenir ensemble d&rsquo;une date.<\/p>","protected":false},"excerpt":{"rendered":"<p><span style=\"font-weight: 400;\">S<\/span><span style=\"font-weight: 400;\">i comme moi, vous avez reni\u00e9 votre type de cheveux pendant des ann\u00e9es par manque de savoir-faire ou de bons produits, vous \u00eates au bon endroit. <\/span><span style=\"font-weight: 400;\">Ce coaching vous permettra d\u2019aimer vos boucles et d\u2019en prendre soin naturellement.<\/span><\/p>\n<p><span style=\"vertical-align: inherit;\"><span style=\"vertical-align: inherit;\">Dur\u00e9e : 2 heures<\/span><\/span><\/p>","protected":false},"featured_media":1375,"comment_status":"open","ping_status":"closed","template":"","meta":[],"product_brand":[],"product_cat":[47,32],"product_tag":[24],"class_list":{"0":"post-1346","1":"product","2":"type-product","3":"status-publish","4":"has-post-thumbnail","6":"product_cat-coaching","7":"product_cat-shop","8":"product_tag-beauty","10":"first","11":"instock","12":"virtual","13":"purchasable","14":"product-type-simple"},"_links":{"self":[{"href":"https:\/\/moniaturelle.fr\/en\/wp-json\/wp\/v2\/product\/1346","targetHints":{"allow":["GET"]}}],"collection":[{"href":"https:\/\/moniaturelle.fr\/en\/wp-json\/wp\/v2\/product"}],"about":[{"href":"https:\/\/moniaturelle.fr\/en\/wp-json\/wp\/v2\/types\/product"}],"replies":[{"embeddable":true,"href":"https:\/\/moniaturelle.fr\/en\/wp-json\/wp\/v2\/comments?post=1346"}],"wp:featuredmedia":[{"embeddable":true,"href":"https:\/\/moniaturelle.fr\/en\/wp-json\/wp\/v2\/media\/1375"}],"wp:attachment":[{"href":"https:\/\/moniaturelle.fr\/en\/wp-json\/wp\/v2\/media?parent=1346"}],"wp:term":[{"taxonomy":"product_brand","embeddable":true,"href":"https:\/\/moniaturelle.fr\/en\/wp-json\/wp\/v2\/product_brand?post=1346"},{"taxonomy":"product_cat","embeddable":true,"href":"https:\/\/moniaturelle.fr\/en\/wp-json\/wp\/v2\/product_cat?post=1346"},{"taxonomy":"product_tag","embeddable":true,"href":"https:\/\/moniaturelle.fr\/en\/wp-json\/wp\/v2\/product_tag?post=1346"}],"curies":[{"name":"wp","href":"https:\/\/api.w.org\/{rel}","templated":true}]}}