{"id":1342,"date":"2023-03-06T03:11:18","date_gmt":"2023-03-06T02:11:18","guid":{"rendered":"https:\/\/moniaturelle.com\/?post_type=product&#038;p=1342"},"modified":"2024-12-16T18:57:38","modified_gmt":"2024-12-16T17:57:38","slug":"coaching-maternite","status":"publish","type":"product","link":"https:\/\/moniaturelle.fr\/en\/boutique\/coaching-maternite\/","title":{"rendered":"Coaching Maternit\u00e9"},"content":{"rendered":"<p>La maternit\u00e9 est un moment de bonheur intense. Porter la vie est une chose incroyable et la grossesse s\u2019accompagne r\u00e9guli\u00e8rement de questionnements et de doutes.<\/p>\n<p>Je suis l\u00e0 pour vous, pendant 2 heures, pour vous pr\u00e9parer \u00e0 la grossesse, \u00e0 l\u2019accouchement et aux premiers mois avec b\u00e9b\u00e9 pour que vous profitiez de ces 9 mois sans stress.<br \/>\nEt oui, votre future vie de maman vous attend et cela se pr\u00e9pare pour r\u00e9unir tous les bons ingr\u00e9dients avant l\u2019arriv\u00e9e de b\u00e9b\u00e9. Que ce soit pour prendre soin de votre<br \/>\ncorps tout au long de votre grossesse et permettre \u00e0 votre peau de bien vivre cette \u00e9volution, prendre soin de votre visage et vos cheveux, vous guider pour choisir les<br \/>\nsoins pour votre enfant et vous ou les fabriquer vous-m\u00eame.<\/p>\n<p>Au programme :<br \/>\n\u25cf Diagnostic complet du visage, corps &amp; cheveux<br \/>\n\u25cf La routine beaut\u00e9 sur-mesure visage &amp; corps &amp; cheveux pendant la grossesse avec une recette diy au choix : cr\u00e8me corps ou cr\u00e8me visage<br \/>\n\u25cf Les soins naturels pour votre b\u00e9b\u00e9 : d\u00e9cryptez les \u00e9tiquettes, shopping list.<br \/>\n\u25cf Accompagnement par email sur 1 mois<\/p>\n<p>Ce coaching de deux heures se r\u00e9alise dans nos locaux, \u00e0 Cenon, ou en rendez-vous \u00e0 distance via la plateforme Zoom.<br \/>\nApr\u00e8s r\u00e9servation de votre coaching, un email de confirmation de r\u00e9servation vous sera envoy\u00e9. Nous prendrons rapidement contact avec vous pour convenir ensemble d\u2019une date.<\/p>","protected":false},"excerpt":{"rendered":"<p>La maternit\u00e9 est un moment de bonheur intense. Porter la vie est une chose incroyable et la grossesse s\u2019accompagne r\u00e9guli\u00e8rement de questionnements et de doutes. Je suis l\u00e0 pour vous, pendant 2h, pour vous pr\u00e9parer \u00e0 la grossesse, \u00e0 l\u2019accouchement et aux premiers mois avec b\u00e9b\u00e9 pour que vous profitiez de ces 9 mois sans stress.<\/p>\n<p>Dur\u00e9e : 2 heure<\/p>","protected":false},"featured_media":1408,"comment_status":"open","ping_status":"closed","template":"","meta":[],"product_brand":[],"product_cat":[47,32],"product_tag":[24],"class_list":{"0":"post-1342","1":"product","2":"type-product","3":"status-publish","4":"has-post-thumbnail","6":"product_cat-coaching","7":"product_cat-shop","8":"product_tag-beauty","10":"first","11":"instock","12":"virtual","13":"purchasable","14":"product-type-simple"},"_links":{"self":[{"href":"https:\/\/moniaturelle.fr\/en\/wp-json\/wp\/v2\/product\/1342","targetHints":{"allow":["GET"]}}],"collection":[{"href":"https:\/\/moniaturelle.fr\/en\/wp-json\/wp\/v2\/product"}],"about":[{"href":"https:\/\/moniaturelle.fr\/en\/wp-json\/wp\/v2\/types\/product"}],"replies":[{"embeddable":true,"href":"https:\/\/moniaturelle.fr\/en\/wp-json\/wp\/v2\/comments?post=1342"}],"wp:featuredmedia":[{"embeddable":true,"href":"https:\/\/moniaturelle.fr\/en\/wp-json\/wp\/v2\/media\/1408"}],"wp:attachment":[{"href":"https:\/\/moniaturelle.fr\/en\/wp-json\/wp\/v2\/media?parent=1342"}],"wp:term":[{"taxonomy":"product_brand","embeddable":true,"href":"https:\/\/moniaturelle.fr\/en\/wp-json\/wp\/v2\/product_brand?post=1342"},{"taxonomy":"product_cat","embeddable":true,"href":"https:\/\/moniaturelle.fr\/en\/wp-json\/wp\/v2\/product_cat?post=1342"},{"taxonomy":"product_tag","embeddable":true,"href":"https:\/\/moniaturelle.fr\/en\/wp-json\/wp\/v2\/product_tag?post=1342"}],"curies":[{"name":"wp","href":"https:\/\/api.w.org\/{rel}","templated":true}]}}