{"id":1341,"date":"2023-03-06T03:05:14","date_gmt":"2023-03-06T02:05:14","guid":{"rendered":"https:\/\/moniaturelle.com\/?post_type=product&#038;p=1341"},"modified":"2024-09-27T22:17:53","modified_gmt":"2024-09-27T20:17:53","slug":"coaching-revelation","status":"publish","type":"product","link":"https:\/\/moniaturelle.fr\/en\/boutique\/coaching-revelation\/","title":{"rendered":"Coaching R\u00e9v\u00e9lation"},"content":{"rendered":"<p>Gr\u00e2ce \u00e0 ce coaching beaut\u00e9 &amp; bien-\u00eatre, vous prenez votre bien-\u00eatre en main de la t\u00eate aux pieds sans oublier vos cheveux. Notre corps est important et se voit trop<br \/>\nsouvent d\u00e9laiss\u00e9 par manque de temps ou de motivation. Pour autant, nos cheveux, la peau de notre corps et de notre visage se r\u00e9v\u00e8lent \u00eatre un excellent syst\u00e8me<br \/>\nd\u2019alerte lorsqu\u2019il y a des d\u00e9s\u00e9quilibres. Des s\u00e9cheresses cutan\u00e9es, des imperfections, une chute de cheveux\u2026 sont des signes parmi tant d\u2019autres qu\u2019il faut<br \/>\nsavoir analyser afin d\u2019agir directement sur la cause tout en apportant des solutions imm\u00e9diates. Nous vous accompagnons pour vous apprendre \u00e0 reconna\u00eetre les<br \/>\nbesoins de votre corps, de votre visage et de vos cheveux afin de leur apporter tout ce dont ils ont besoin. Apr\u00e8s un diagnostic global de votre corps dans sa globalit\u00e9,<br \/>\nnous vous \u00e9tablissons tous les bons conseils pour agir directement sur les causes de ces d\u00e9r\u00e8glements et vous permettre de prendre soin de vous dans la dur\u00e9e.<\/p>\n<p>Au programme :<br \/>\n\u25cf Diagnostic complet du visage, corps &amp; cheveux<br \/>\n\u25cf Mise en place d\u2019une routine beaut\u00e9 sur-mesure<br \/>\n\u25cf Accompagnement par email sur 1 mois<\/p>\n<p>Ce coaching de deux heures se r\u00e9alise dans nos locaux, \u00e0 Cenon, ou en rendez-vous \u00e0 distance via la plateforme Zoom.<br \/>\nApr\u00e8s r\u00e9servation de votre coaching, un email de confirmation de r\u00e9servation vous sera envoy\u00e9. Nous prendrons rapidement contact avec vous pour convenir ensemble d\u2019une date.<\/p>\n<p>&nbsp;<\/p>","protected":false},"excerpt":{"rendered":"<p>Vous passez un cap et d\u00e9sirez prendre soin de votre corps et de vos cheveux ! Venir \u00e0 bout de votre peau de crocodile sur les jambes, apporter du confort \u00e0 votre visage qui vous tiraille<br \/>\nou encore trouver le bon rituel pour diminuer la chute de cheveux\u2026 Nous vous guiderons pour prendre soin de vous de la t\u00eate aux pieds.<\/p>\n<p>Dur\u00e9e : 2 heures<\/p>","protected":false},"featured_media":1377,"comment_status":"open","ping_status":"closed","template":"","meta":[],"product_brand":[],"product_cat":[47,32],"product_tag":[24],"class_list":{"0":"post-1341","1":"product","2":"type-product","3":"status-publish","4":"has-post-thumbnail","6":"product_cat-coaching","7":"product_cat-shop","8":"product_tag-beauty","10":"first","11":"instock","12":"virtual","13":"purchasable","14":"product-type-simple"},"_links":{"self":[{"href":"https:\/\/moniaturelle.fr\/en\/wp-json\/wp\/v2\/product\/1341","targetHints":{"allow":["GET"]}}],"collection":[{"href":"https:\/\/moniaturelle.fr\/en\/wp-json\/wp\/v2\/product"}],"about":[{"href":"https:\/\/moniaturelle.fr\/en\/wp-json\/wp\/v2\/types\/product"}],"replies":[{"embeddable":true,"href":"https:\/\/moniaturelle.fr\/en\/wp-json\/wp\/v2\/comments?post=1341"}],"wp:featuredmedia":[{"embeddable":true,"href":"https:\/\/moniaturelle.fr\/en\/wp-json\/wp\/v2\/media\/1377"}],"wp:attachment":[{"href":"https:\/\/moniaturelle.fr\/en\/wp-json\/wp\/v2\/media?parent=1341"}],"wp:term":[{"taxonomy":"product_brand","embeddable":true,"href":"https:\/\/moniaturelle.fr\/en\/wp-json\/wp\/v2\/product_brand?post=1341"},{"taxonomy":"product_cat","embeddable":true,"href":"https:\/\/moniaturelle.fr\/en\/wp-json\/wp\/v2\/product_cat?post=1341"},{"taxonomy":"product_tag","embeddable":true,"href":"https:\/\/moniaturelle.fr\/en\/wp-json\/wp\/v2\/product_tag?post=1341"}],"curies":[{"name":"wp","href":"https:\/\/api.w.org\/{rel}","templated":true}]}}