{"id":1339,"date":"2023-03-06T02:50:03","date_gmt":"2023-03-06T01:50:03","guid":{"rendered":"https:\/\/moniaturelle.com\/?post_type=product&#038;p=1339"},"modified":"2023-03-13T20:14:12","modified_gmt":"2023-03-13T19:14:12","slug":"coaching-illumination","status":"publish","type":"product","link":"https:\/\/moniaturelle.fr\/en\/boutique\/coaching-illumination\/","title":{"rendered":"Coaching Illumination"},"content":{"rendered":"<p>Bienvenue et bravo \u00e0 vous de franchir le pas pour prendre votre beaut\u00e9 en main ! Vous souhaitez comprendre comment r\u00e9ussir \u00e0 donner \u00e0 votre peau<br \/>\nce dont elle a besoin pour \u00eatre en bonne sant\u00e9 ? Vous \u00eates au bon endroit !<br \/>\nAu cours de ce coaching beaut\u00e9 &amp; bien-\u00eatre, nous \u00e9tudierons votre peau, vos habitudes et votre environnement afin de vous accompagner de la<br \/>\nmeilleure fa\u00e7on pour prendre soin de vous. Nous vous conseillons des soins adapt\u00e9s \u00e0 prodiguer \u00e0 votre peau pour retrouver souplesse,<br \/>\nhydratation, fermet\u00e9, \u00e9clat\u2026 ainsi que des conseils personnalis\u00e9s sur votre hygi\u00e8ne de vie et votre alimentation.<br \/>\nUne m\u00e9thode saine et naturelle de beaut\u00e9 holistique inspir\u00e9e de la naturopathie pour vous accompagner pendant 1 mois. Le temps pour vous d\u2019apprendre \u00e0 reconna\u00eetre<br \/>\nles besoins de votre peau et lui apporter tout ce dont elle a besoin au quotidien. Des r\u00e9flexes que vous allez acqu\u00e9rir au fur et \u00e0 mesure pour prendre soin de vous<br \/>\ncomme il faut chaque jour.<\/p>\n<p>Au programme :<br \/>\n\u25cf Diagnostic complet de la peau de votre visage<br \/>\n\u25cf Mise en place d\u2019une routine beaut\u00e9 sur-mesure<br \/>\n\u25cf Accompagnement par email sur 1 mois<\/p>\n<p>Ce coaching d\u2019une heure se r\u00e9alise dans nos locaux, \u00e0 Cenon, ou en rendez-vous \u00e0 distance via la plateforme Zoom.<br \/>\nApr\u00e8s r\u00e9servation de votre coaching, un email de confirmation de r\u00e9servation vous sera envoy\u00e9. Nous prendrons rapidement contact avec vous pour convenir ensemble d\u2019une date.<\/p>\n<p>&nbsp;<\/p>","protected":false},"excerpt":{"rendered":"<p>Nous \u00e9tudierons votre peau, vos habitudes et votre environnement afin de vous accompagner de la meilleure fa\u00e7on pour prendre soin de vous. Nous<br \/>\nvous conseillerons des soins adapt\u00e9s \u00e0 prodiguer \u00e0 votre peau pour retrouver souplesse, hydratation, fermet\u00e9, \u00e9clat\u2026<\/p>\n<p>Dur\u00e9e : 1 heure<\/p>","protected":false},"featured_media":1378,"comment_status":"open","ping_status":"closed","template":"","meta":[],"product_brand":[],"product_cat":[47,32],"product_tag":[24],"class_list":{"0":"post-1339","1":"product","2":"type-product","3":"status-publish","4":"has-post-thumbnail","6":"product_cat-coaching","7":"product_cat-shop","8":"product_tag-beauty","10":"first","11":"instock","12":"virtual","13":"purchasable","14":"product-type-simple"},"_links":{"self":[{"href":"https:\/\/moniaturelle.fr\/en\/wp-json\/wp\/v2\/product\/1339","targetHints":{"allow":["GET"]}}],"collection":[{"href":"https:\/\/moniaturelle.fr\/en\/wp-json\/wp\/v2\/product"}],"about":[{"href":"https:\/\/moniaturelle.fr\/en\/wp-json\/wp\/v2\/types\/product"}],"replies":[{"embeddable":true,"href":"https:\/\/moniaturelle.fr\/en\/wp-json\/wp\/v2\/comments?post=1339"}],"wp:featuredmedia":[{"embeddable":true,"href":"https:\/\/moniaturelle.fr\/en\/wp-json\/wp\/v2\/media\/1378"}],"wp:attachment":[{"href":"https:\/\/moniaturelle.fr\/en\/wp-json\/wp\/v2\/media?parent=1339"}],"wp:term":[{"taxonomy":"product_brand","embeddable":true,"href":"https:\/\/moniaturelle.fr\/en\/wp-json\/wp\/v2\/product_brand?post=1339"},{"taxonomy":"product_cat","embeddable":true,"href":"https:\/\/moniaturelle.fr\/en\/wp-json\/wp\/v2\/product_cat?post=1339"},{"taxonomy":"product_tag","embeddable":true,"href":"https:\/\/moniaturelle.fr\/en\/wp-json\/wp\/v2\/product_tag?post=1339"}],"curies":[{"name":"wp","href":"https:\/\/api.w.org\/{rel}","templated":true}]}}